{"id":72,"date":"2019-03-17T17:19:40","date_gmt":"2019-03-17T17:19:40","guid":{"rendered":"https:\/\/goya.everthemes.com\/demo-basic\/?page_id=72"},"modified":"2023-06-12T17:03:47","modified_gmt":"2023-06-12T17:03:47","slug":"muugitingimused","status":"publish","type":"page","link":"https:\/\/eismasadam.ee\/en\/muugitingimused\/","title":{"rendered":"Kasutustingimused"},"content":{"rendered":"<h1><b>Kasutajatingimused<\/b><\/h1>\n<p>Veebisaidi <a href=\"https:\/\/eismasadam.ee\/en\/\">eismasadam.ee<\/a> k\u00fclastamisel, n\u00f5ustute j\u00e4rgima k\u00e4esolevas dokumendis v\u00e4lja toodud kasutajatingimusi. Kui Te nende kasutajatingimustega ei n\u00f5ustu, palun lahkuge veebisaidilt koheselt. Sellel veebisaidil olevad materjalid on kaitstud kaubam\u00e4rgi- ja autori\u00f5iguse seadusega.<\/p>\n<p>Teie juurdep\u00e4\u00e4s teenusele ja selle kasutamine s\u00f5ltub ka sellest, kas n\u00f5ustute ja j\u00e4rgite <a href=\"https:\/\/eismasadam.ee\/en\/privaatsuspoliitika\/\">EISMA SADAM MT\u00dc privaatsuspoliitikat. <span style=\"text-decoration: underline;\">Privaatsuspoliitika<\/span><\/a> kirjeldab meie p\u00f5him\u00f5tteid ja toiminguid Teie isikuandmete kogumisel, kasutamisel ja avalikustamisel, kui kasutate meie rakendust v\u00f5i veebisaiti. Seega, enne meie lehe v\u00f5i teenuste kasutamist, lugege hoolikalt meie privaatsuspoliitika dokumenti.<\/p>\n<h2><b>K\u00fcpsised<\/b><\/h2>\n<p>Nii nagu enamik kaasaegseid veebilehti, kasutab ka meie veebisait k\u00fcpsiseid. Kasutame k\u00fcpsiseid selleks, et parandada teatud lehek\u00fclgede funktsionaalsust ja muuta meie veebaidi kasutamine k\u00fclastajate jaoks lihtsamaks ning mugavamaks. M\u00f5ned meie partnerlehed v\u00f5ivad samuti kasutada k\u00fcpsiseid. K\u00fcpsiste kohta loe l\u00e4hemalt meie privaatsuspoliitika dokumendist.<\/p>\n<h2><b>Litsents<\/b><\/h2>\n<p>Kui pole just teisiti mainitud, kuuluvad EISMA SADAM MT\u00dcle k\u00f5ik <a href=\"https:\/\/eismasadam.ee\/en\/\">eismasadam.ee<\/a> lehel kuvatud intellektuaalomandi \u00f5igused. K\u00f5ik \u00f5igused on kaitstud.<\/p>\n<p>Te ei tohi:<\/p>\n<ul>\n<li style=\"font-weight: 400;\" aria-level=\"1\">Veebisaidil <a href=\"https:\/\/eismasadam.ee\/en\/\">eismasadam.ee<\/a> kuvatud materjali (tekst, pildid, videod jne) mujal avaldada.<\/li>\n<li style=\"font-weight: 400;\" aria-level=\"1\">M\u00fc\u00fca, rentida v\u00f5i litsentsida seda materjali.<\/li>\n<li style=\"font-weight: 400;\" aria-level=\"1\">Lehek\u00fclje sisu kopeerida.<\/li>\n<li style=\"font-weight: 400;\" aria-level=\"1\">Veebisaidi <a href=\"https:\/\/eismasadam.ee\/en\/\">eismasadam.ee<\/a> lehek\u00fclgede sisu levitada.<\/li>\n<\/ul>\n<p>K\u00e4esolev leping kehtib alates 24\/07\/2022.<\/p>\n<p>M\u00f5ned lehed sellel veebilehel v\u00f5ivad kasutajatele anda v\u00f5imaluse kommenteerida ja vahetada arvamusi\/teavet. Need kommentaarid ei kajasta EISMA SADAM MT\u00dc, tema esindajate ja\/v\u00f5i sidusettev\u00f5tete seisukohti ja arvamusi. Kommentaarid kajastavad postitanud inimeste seisukohti ja arvamusi. EISMA SADAM MT\u00dc ei vastuta veebilehel ilmuvate kommentaaride sisu eest ega nendest tekkivate varalise v\u00f5i moraalse kahju eest.<\/p>\n<p>EISMA SADAM MT\u00dc j\u00e4tab endale \u00f5iguse j\u00e4lgida k\u00f5iki kommentaare ja eemaldada need, mida peab sobimatuks, solvavaks v\u00f5i tingimusi rikkuvaks.<\/p>\n<p>Lehte k\u00fclastades:<\/p>\n<ul>\n<li style=\"font-weight: 400;\" aria-level=\"1\">On teil \u00f5igus postitada kommentaare meie veebilehele;<\/li>\n<li style=\"font-weight: 400;\" aria-level=\"1\">Kinnitate, et teie postitatud kommentaarid ei riku intellektuaalomandi \u00f5igusi, \u00fchegi kolmanda isiku autori\u00f5igust, patenti v\u00f5i kaubam\u00e4rki;<\/li>\n<li style=\"font-weight: 400;\" aria-level=\"1\">Kinnitate, et teie kommentaarid ei sisalda laimavat, solvavat, v\u00e4\u00e4ritut ega muul viisil ebaseaduslikku materjali;<\/li>\n<li style=\"font-weight: 400;\" aria-level=\"1\">Kinnitate, et ei kasuta kommenteerimise \u00f5igust \u00e4ritegevuse v\u00f5i ebaseadusliku tegevuse pakkumiseks ega reklaamimiseks.<\/li>\n<\/ul>\n<p>K\u00e4esolevaga annate EISMA SADAM MT\u00dcle ainulitsentsi teie kommentaaride kasutamiseks, paljundamiseks, redigeerimiseks ja volitamiseks teistele isikutele, mis tahes vormis, vormingus v\u00f5i meediumis, reprodutseerimiseks ja redigeerimiseks.<\/p>\n<h2><b>Kohustustest loobumine<\/b><\/h2>\n<p>Me ei taga, et sellel veebilehel olev teave oleks \u00f5ige, t\u00e4ielik v\u00f5i t\u00e4pne. Samuti ei luba me, et veebileht j\u00e4\u00e4b alati k\u00e4ttesaadavaks v\u00f5i sellel olev info hoitakse ajakohasena.<\/p>\n<p>Kui veebilehel pakutavat teavet ja\/v\u00f5i teenuseid pakutakse tasuta, ei vastuta me v\u00f5imaliku kahjumi v\u00f5i kahjustuste eest.<\/p>\n<h2><b>Vaidluste lahendamine<\/b><\/h2>\n<p>Kui teil on teenusega seoses muresid v\u00f5i vaidlusi, n\u00f5ustute k\u00f5igepealt proovima vaidluse lahendamist mitteametlikult, p\u00f6\u00f6rdudes EISMA SADAM MT\u00dc poole.<\/p>\n<h2><b>Piirangud<\/b><\/h2>\n<p>EISMA SADAM MT\u00dc ega selle tarnijad ei vastuta kahjude eest, mis tekivad EISMA SADAM MT\u00dcveebisaidil olevate materjalide kasutamisega v\u00f5i suutmatusega neid kasutada. Seda Isegi siis, kui EISMA SADAM MT\u00dc v\u00f5i selle volitatud esindajat on suuliselt v\u00f5i kirjalikult teavitatud kahju tekkimise v\u00f5imalusest.<\/p>\n<h2><b>Muudatused ja vead<\/b><\/h2>\n<p>EISMA SADAM MT\u00dc veebisaidil v\u00f5ib esineda erinevaid vigu. Me ei vastuta selle eest, et saidil olev info oleks t\u00e4pne, t\u00e4ielik v\u00f5i asjakohane. V\u00f5ime saidil olevat infot igal ajal ette teatamata muuta v\u00f5i kustutada. EISMA SADAM MT\u00dc ei ole kohustatud hoidma infot oma veebisaidil aktuaalsena.<\/p>\n<h2><b>Viited teistele veebilehtedele<\/b><\/h2>\n<p>Meie teenus v\u00f5ib sisaldada linke kolmandate osapoolte veebisaitidele v\u00f5i teenustele. Meil puudub kontroll nende veebisaitide teenuste, sisu ja privaatsuseeskirjade \u00fcle ning me ei vastuta nende eest. Selle dokumendi kohaselt m\u00f5istate ja n\u00f5ustute ka sellega, et EISMA SADAM MT\u00dc ei vastuta otseselt ega kaudselt kahjude eest, mis v\u00f5ivad tekkida kolmandate osapoolte veebisaitide kasutamisest.<\/p>\n<p>Soovitame tungivalt tutvuda k\u00f5igi k\u00fclastatavate kolmandate osapoolte veebisaitide teenusetingimustega ja privaatsuseeskirjadega.<\/p>\n<h2><b>Linkide eemaldamine meie veebilehelt<\/b><\/h2>\n<p>Kui leiate meie veebilehelt lingi, mis on mingil p\u00f5hjusel ebasobiv, v\u00f5ite meiega \u00fchendust v\u00f5tta ja meid sellest teavitada. Arvestame linkide eemaldamise taotlustega ja vastame neile 5 t\u00f6\u00f6p\u00e4eva jooksul, kuid me ei ole kohustatud linke eemaldama.<\/p>\n<p>Kuigi p\u00fc\u00fcame tagada, et meie veebisaidil olev teave oleks korrektne, ei saa me tagada selle t\u00e4ielikkust ega t\u00e4psust; samuti ei ole me kohustatud tagama veebisaidi k\u00e4ttesaadavust v\u00f5i veebisaidil oleva materjali ajakohasust.<\/p>\n<h2><b>S\u00e4tete lahusus<\/b><\/h2>\n<p>Kui m\u00f5ni k\u00e4esoleva teenustetingimuste s\u00e4te osutub kehtetuks, muudetakse seda s\u00e4tet nii, et see t\u00e4idaks v\u00f5imalikult maksimaalselt oma eesm\u00e4rki ja oleks seadusega koosk\u00f5las ning kehtiv. K\u00f5ik \u00fclej\u00e4\u00e4nud teenustetingimuste dokumendi s\u00e4tted j\u00e4\u00e4vad t\u00e4ies j\u00f5us kehtima.<\/p>\n<h2><b>\u00d5igustest loobumine<\/b><\/h2>\n<p>Kui k\u00e4esolevas dokumendis pole teisiti v\u00e4lja toodud, ei t\u00e4henda \u00fcksk\u00f5ik millise selles dokumendis mainitud \u00f5iguse kasutamata j\u00e4tmine seda, et seda sama \u00f5igust pole v\u00f5imalik hiljem kasutada.<\/p>\n<h2><b>Muudatused kasutustingimustes<\/b><\/h2>\n<p>J\u00e4tame endale \u00f5iguse neid tingimusi oma \u00e4ran\u00e4gemise j\u00e4rgi igal ajal muuta. Kui muudatus on oluline, anname endast parima, et Teid enne selle j\u00f5ustumist v\u00e4hemalt 30 p\u00e4eva ette teavitada. Mis on oluline muudatus, m\u00e4\u00e4ratakse meie ainuisikulise \u00e4ran\u00e4gemise j\u00e4rgi.<\/p>\n<p>J\u00e4tkates meie teenuste kasutamist peale nende muudatuste j\u00f5ustumist, n\u00f5ustute muudetud tingimustega. Kui Te ei n\u00f5ustu t\u00e4ielikult v\u00f5i osaliselt uute tingimustega, l\u00f5petage palun meie veebisaidi ja teenuse kasutamine.<\/p>\n<h2><b>Ligip\u00e4\u00e4su peatamine<\/b><\/h2>\n<p>K\u00e4esolevas dokumendis v\u00e4lja toodud tingimuste rikkumisel v\u00f5ime viivitamatult peatada Teie ligip\u00e4\u00e4su meie lehele ja teenustele. Sel juhul pole me kohustatud Teid sellest teavitama. Ligip\u00e4\u00e4su peatamisel kaotate koheselt \u00f5iguse meie teenuseid kasutada.<\/p>\n<h2><b>Teie privaatsus<\/b><\/h2>\n<p>Teie privaatsusega seonduvate s\u00e4tetega tutvumiseks, palun vaadake meie privaatsuspoliitikat.<\/p>\n<h2><b>Kohaldatav seadus<\/b><\/h2>\n<p>K\u00f5iki EISMA SADAM MT\u00dc veebisaidiga seotud n\u00f5udeid reguleerivad Eesti Vabariigi seadused.<\/p>\n<h2><b>Contact<\/b><\/h2>\n<p>K\u00fcsimuste puhul, palun v\u00f5tke meiega \u00fchendust e-posti teel: info@eismasadam.ee v\u00f5i telefonitsi: +372 51 31442.<\/p>\n<p>EISMA SADAM MT\u00dc s\u00e4ilitab \u00f5iguse teha vastavalt vajadusele muudatusi veebilehe kasutajatingimustes.<\/p>\n<p>Viimati muudetud 12.06.2023<\/p>","protected":false},"excerpt":{"rendered":"<p>Kasutajatingimused Veebisaidi eismasadam.ee k\u00fclastamisel, n\u00f5ustute j\u00e4rgima k\u00e4esolevas dokumendis v\u00e4lja toodud kasutajatingimusi. Kui Te nende kasutajatingimustega ei n\u00f5ustu, palun lahkuge veebisaidilt koheselt. Sellel veebisaidil olevad materjalid on kaitstud kaubam\u00e4rgi- ja autori\u00f5iguse seadusega. Teie juurdep\u00e4\u00e4s teenusele ja selle kasutamine s\u00f5ltub ka sellest, kas n\u00f5ustute ja j\u00e4rgite EISMA SADAM MT\u00dc privaatsuspoliitikat. Privaatsuspoliitika kirjeldab&hellip;<\/p>","protected":false},"author":1,"featured_media":0,"parent":0,"menu_order":0,"comment_status":"closed","ping_status":"closed","template":"","meta":{"footnotes":""},"class_list":["post-72","page","type-page","status-publish","hentry"],"_links":{"self":[{"href":"https:\/\/eismasadam.ee\/en\/wp-json\/wp\/v2\/pages\/72","targetHints":{"allow":["GET"]}}],"collection":[{"href":"https:\/\/eismasadam.ee\/en\/wp-json\/wp\/v2\/pages"}],"about":[{"href":"https:\/\/eismasadam.ee\/en\/wp-json\/wp\/v2\/types\/page"}],"author":[{"embeddable":true,"href":"https:\/\/eismasadam.ee\/en\/wp-json\/wp\/v2\/users\/1"}],"replies":[{"embeddable":true,"href":"https:\/\/eismasadam.ee\/en\/wp-json\/wp\/v2\/comments?post=72"}],"version-history":[{"count":55,"href":"https:\/\/eismasadam.ee\/en\/wp-json\/wp\/v2\/pages\/72\/revisions"}],"predecessor-version":[{"id":6091,"href":"https:\/\/eismasadam.ee\/en\/wp-json\/wp\/v2\/pages\/72\/revisions\/6091"}],"wp:attachment":[{"href":"https:\/\/eismasadam.ee\/en\/wp-json\/wp\/v2\/media?parent=72"}],"curies":[{"name":"wp","href":"https:\/\/api.w.org\/{rel}","templated":true}]}}