{"id":3545,"date":"2022-07-12T18:12:34","date_gmt":"2022-07-12T18:12:34","guid":{"rendered":"https:\/\/eismasadam.ee\/?post_type=product&#038;p=3545"},"modified":"2025-08-07T14:39:52","modified_gmt":"2025-08-07T14:39:52","slug":"purjetamise-treening-rs-quest-alustel-taiskasvanutele","status":"publish","type":"product","link":"https:\/\/eismasadam.ee\/en\/product\/purjetamise-treening-rs-quest-alustel-taiskasvanutele\/","title":{"rendered":"Purjetamise treening t\u00e4iskasvanutele"},"content":{"rendered":"<ul>\n<li>Treeningud toimuvad igal L ja P alates 17.06.2023 kuni 20.08.2023<\/li>\n<li>Tule ja \u00f5pi s\u00f5itma RS Quest purjekaga<\/li>\n<li>\u00dcks \u00f5ppes\u00f5it kestab 1.5h<\/li>\n<li>Kogu varustus kohapeal hinnas<\/li>\n<\/ul>\n<div id=\"aircall-extension-app\"><\/div>\n<div id=\"aircall-extension-app\"><\/div>\n<div id=\"aircall-extension-app\"><\/div>\n<div id=\"gtx-trans\" style=\"position: absolute; left: 458px; top: 48px;\">\n<div class=\"gtx-trans-icon\"><\/div>\n<\/div>\n<div id=\"aircall-extension-app\"><\/div>","protected":false},"excerpt":{"rendered":"<p><span style=\"font-weight: 400;\">Purjetamise \u00f5pe t\u00e4iskasvanutele, teretulnud on nii algajad kui edasij\u00f5udnud. Treenitakse RS Quest paatidel. Suurem osa treeningajast veedetakse vee peal. Kaasa vahetusriided ja heleda tallaga, mitte paate m\u00e4\u00e4rivad sportlikud jalan\u00f5ud. Palun ole kohal 15min enne treeningu algust. Juhul kui broneerid treeningu aga ei saa tulla, anna teada <\/span><a href=\"mailto:info@eismasadam.ee\"><span style=\"font-weight: 400;\">info@eismasadam.ee<\/span><\/a><\/p>\n<div id=\"aircall-extension-app\"><\/div>\n<div id=\"gtx-trans\" style=\"position: absolute; left: 245px; top: -9px;\">\n<div class=\"gtx-trans-icon\"><\/div>\n<\/div>\n<div id=\"aircall-extension-app\"><\/div>\n<div id=\"aircall-extension-app\"><\/div>\n<div id=\"aircall-extension-app\"><\/div>","protected":false},"featured_media":6457,"template":"","meta":[],"product_brand":[],"product_cat":[97,98],"product_tag":[],"class_list":{"0":"post-3545","1":"product","2":"type-product","3":"status-publish","4":"has-post-thumbnail","6":"product_cat-veesport","7":"product_cat-taiskasvanud","9":"first","10":"instock","11":"virtual","12":"sold-individually","13":"taxable","14":"purchasable","15":"product-type-appointment"},"exclude_global_add_ons":false,"addons":[{"name":"Nimi","type":"custom_text","position":0,"required":true,"title_format":"label","default":"","description_enable":true,"description":"Kirjuta siia inimese nimi, kes hakkab trennides k\u00e4ima:","placeholder_enable":false,"placeholder":"","display":"select","restrictions_type":"any_text","adjust_price":false,"price":"","price_type":"flat_fee","restrictions":false,"min":"0","max":"0","options":[],"id":1692363031}],"_links":{"self":[{"href":"https:\/\/eismasadam.ee\/en\/wp-json\/wp\/v2\/product\/3545","targetHints":{"allow":["GET"]}}],"collection":[{"href":"https:\/\/eismasadam.ee\/en\/wp-json\/wp\/v2\/product"}],"about":[{"href":"https:\/\/eismasadam.ee\/en\/wp-json\/wp\/v2\/types\/product"}],"wp:featuredmedia":[{"embeddable":true,"href":"https:\/\/eismasadam.ee\/en\/wp-json\/wp\/v2\/media\/6457"}],"wp:attachment":[{"href":"https:\/\/eismasadam.ee\/en\/wp-json\/wp\/v2\/media?parent=3545"}],"wp:term":[{"taxonomy":"product_brand","embeddable":true,"href":"https:\/\/eismasadam.ee\/en\/wp-json\/wp\/v2\/product_brand?post=3545"},{"taxonomy":"product_cat","embeddable":true,"href":"https:\/\/eismasadam.ee\/en\/wp-json\/wp\/v2\/product_cat?post=3545"},{"taxonomy":"product_tag","embeddable":true,"href":"https:\/\/eismasadam.ee\/en\/wp-json\/wp\/v2\/product_tag?post=3545"}],"curies":[{"name":"wp","href":"https:\/\/api.w.org\/{rel}","templated":true}]}}