{"id":4402,"date":"2022-07-17T18:50:09","date_gmt":"2022-07-17T18:50:09","guid":{"rendered":"https:\/\/eismasadam.ee\/?post_type=product&#038;p=4402"},"modified":"2025-08-07T14:39:28","modified_gmt":"2025-08-07T14:39:28","slug":"purjetamise-kursus-taiskasvanutele","status":"publish","type":"product","link":"https:\/\/eismasadam.ee\/en\/product\/purjetamise-kursus-taiskasvanutele\/","title":{"rendered":"Purjetamise kursus t\u00e4iskasvanutele"},"content":{"rendered":"<ul>\n<li>Treeningud toimuvad igal L ja P 17.06.2023 kuni 20.08.2023<\/li>\n<li>Kursus sisaldab 10 treeningut<\/li>\n<li>Tule ja \u00f5pi s\u00f5itma RS Quest purjekaga<\/li>\n<li>\u00dcks treening kestab 2.5h<\/li>\n<li>Kogu varustus kohapeal hinnas<\/li>\n<\/ul>\n<div id=\"aircall-extension-app\"><\/div>\n<div id=\"gtx-trans\" style=\"position: absolute; left: 458px; top: 1px;\">\n<div class=\"gtx-trans-icon\"><\/div>\n<\/div>\n<div id=\"aircall-extension-app\"><\/div>\n<div id=\"aircall-extension-app\"><\/div>\n<div id=\"aircall-extension-app\"><\/div>","protected":false},"excerpt":{"rendered":"<p><span style=\"font-weight: 400;\">Purjetamise \u00f5pe t\u00e4iskasvanutele, teretulnud on nii algajad kui edasij\u00f5udnud. Treenitakse RS Quest paatidel. Suurem osa treeningajast veedetakse vee peal. Kaasa vahetusriided ja heleda tallaga, mitte paate m\u00e4\u00e4rivad sportlikud jalan\u00f5ud. Palun ole kohal 15min enne treeningu algust. Juhul kui broneerid treeningu aga ei saa tulla, anna teada <\/span><a href=\"mailto:info@eismasadam.ee\"><span style=\"font-weight: 400;\">info@eismasadam.ee<\/span><\/a><\/p>\n<div class=\"elementor-element elementor-element-34f1784 elementor-widget elementor-widget-woocommerce-product-short-description\" data-id=\"34f1784\" data-element_type=\"widget\" data-widget_type=\"woocommerce-product-short-description.default\">\n<div class=\"elementor-widget-container\">\n<div class=\"woocommerce-product-details__short-description\">\n<p>&nbsp;<\/p>\n<\/div>\n<\/div>\n<\/div>\n<div class=\"elementor-element elementor-element-f87af40 e-add-to-cart--show-quantity-yes elementor-widget elementor-widget-woocommerce-product-add-to-cart\" data-id=\"f87af40\" data-element_type=\"widget\" data-widget_type=\"woocommerce-product-add-to-cart.default\">\n<div class=\"elementor-widget-container\">\n<div class=\"elementor-add-to-cart elementor-product-simple\">\n<form class=\"cart\" action=\"https:\/\/eismasadam.ee\/en\/product\/purjetamise-treening-algajatele-lastele-vanuses-7-12-hooaja-pilet\/\" enctype=\"multipart\/form-data\" method=\"post\" data-trp-original-action=\"https:\/\/eismasadam.ee\/product\/purjetamise-treening-algajatele-lastele-vanuses-7-12-hooaja-pilet\/\">\n<div class=\"wc-pao-addons-container\">\n<div class=\"wc-pao-addon-container wc-pao-required-addon wc-pao-addon wc-pao-addon-nimi\" data-product-name=\"Purjetamise kursus algajatele lastele\">\n<div class=\"wc-pao-addon-description\"><\/div>\n<\/div>\n<\/div>\n<input type=\"hidden\" name=\"trp-form-language\" value=\"en\"\/><\/form>\n<\/div>\n<\/div>\n<\/div>\n<div id=\"aircall-extension-app\"><\/div>\n<div id=\"aircall-extension-app\"><\/div>\n<div id=\"gtx-trans\" style=\"position: absolute; left: 109px; top: 103px;\">\n<div class=\"gtx-trans-icon\"><\/div>\n<\/div>\n<div id=\"aircall-extension-app\"><\/div>\n<div id=\"aircall-extension-app\"><\/div>","protected":false},"featured_media":6454,"template":"","meta":[],"product_brand":[],"product_cat":[97,98],"product_tag":[],"class_list":{"0":"post-4402","1":"product","2":"type-product","3":"status-publish","4":"has-post-thumbnail","6":"product_cat-veesport","7":"product_cat-taiskasvanud","9":"first","10":"instock","11":"virtual","12":"sold-individually","13":"taxable","14":"purchasable","15":"product-type-simple"},"exclude_global_add_ons":false,"addons":[{"name":"Nimi","type":"custom_text","position":0,"required":true,"title_format":"label","default":"","description_enable":true,"description":"Kirjuta siia inimese nimi, kes trennides hakkab k\u00e4ima.","placeholder_enable":false,"placeholder":"","display":"select","restrictions_type":"any_text","adjust_price":false,"price":"","price_type":"flat_fee","restrictions":false,"min":"0","max":"0","options":[],"id":1720187835},{"name":"E-mail","type":"custom_text","position":1,"required":true,"title_format":"label","default":"","description_enable":true,"description":"E-mail, kuhu saadame Teie koodi","placeholder_enable":false,"placeholder":"","display":"select","restrictions_type":"any_text","adjust_price":false,"price":"","price_type":"flat_fee","restrictions":false,"min":"0","max":"0","options":[],"id":1720187836}],"_links":{"self":[{"href":"https:\/\/eismasadam.ee\/en\/wp-json\/wp\/v2\/product\/4402","targetHints":{"allow":["GET"]}}],"collection":[{"href":"https:\/\/eismasadam.ee\/en\/wp-json\/wp\/v2\/product"}],"about":[{"href":"https:\/\/eismasadam.ee\/en\/wp-json\/wp\/v2\/types\/product"}],"wp:featuredmedia":[{"embeddable":true,"href":"https:\/\/eismasadam.ee\/en\/wp-json\/wp\/v2\/media\/6454"}],"wp:attachment":[{"href":"https:\/\/eismasadam.ee\/en\/wp-json\/wp\/v2\/media?parent=4402"}],"wp:term":[{"taxonomy":"product_brand","embeddable":true,"href":"https:\/\/eismasadam.ee\/en\/wp-json\/wp\/v2\/product_brand?post=4402"},{"taxonomy":"product_cat","embeddable":true,"href":"https:\/\/eismasadam.ee\/en\/wp-json\/wp\/v2\/product_cat?post=4402"},{"taxonomy":"product_tag","embeddable":true,"href":"https:\/\/eismasadam.ee\/en\/wp-json\/wp\/v2\/product_tag?post=4402"}],"curies":[{"name":"wp","href":"https:\/\/api.w.org\/{rel}","templated":true}]}}