{"id":5059,"date":"2022-07-21T12:42:30","date_gmt":"2022-07-21T12:42:30","guid":{"rendered":"https:\/\/eismasadam.ee\/?post_type=product&#038;p=5059"},"modified":"2025-08-07T14:39:05","modified_gmt":"2025-08-07T14:39:05","slug":"purjetamise-treening-algajatele-lastele-vanuses-7-12","status":"publish","type":"product","link":"https:\/\/eismasadam.ee\/en\/product\/purjetamise-treening-algajatele-lastele-vanuses-7-12\/","title":{"rendered":"Purjetamise treening lastele"},"content":{"rendered":"<p><strong>Lapsele kaasa panna:<\/strong><\/p>\n<ul>\n<li><span style=\"font-weight: 400;\">Ilmale vastavad vahetusriided<\/span><\/li>\n<li>Kalipso, juhul kui on olemas<\/li>\n<li>Heleda tallaga jalatsid (ei m\u00e4\u00e4ri paate)<\/li>\n<li>Peakate \u2013 tuulise ja k\u00fclmema ilmaga m\u00fcts ja soojema ilmaga nokam\u00fcts<\/li>\n<li>Joogipudel<\/li>\n<li>P\u00e4iksekreem (juhul kui ilm p\u00e4ikseline)<\/li>\n<li>Ujumisriided, soojema ilmaga<\/li>\n<li>Saunalina<\/li>\n<\/ul>\n<div id=\"aircall-extension-app\">\n<p>&nbsp;<\/p>\n<p><span style=\"font-weight: 400;\">K\u00f5ik k\u00fcsimused on teretulnud info@eismasadam.ee v\u00f5i treener Martin Sepp telefonil +372 53406806<\/span><\/p>\n<p><span style=\"font-weight: 400;\">Lapsevanemad, kes soovivad sadamasse lapsi ootama j\u00e4\u00e4da, on teretulnud!<\/span><\/p>\n<\/div>\n<div id=\"aircall-extension-app\"><\/div>\n<div id=\"aircall-extension-app\"><\/div>\n<div id=\"aircall-extension-app\"><\/div>\n<div id=\"aircall-extension-app\"><\/div>\n<div id=\"aircall-extension-app\"><\/div>\n<div id=\"aircall-extension-app\"><\/div>\n<div id=\"aircall-extension-app\"><\/div>\n<div id=\"aircall-extension-app\"><\/div>\n<div id=\"aircall-extension-app\"><\/div>\n<div id=\"aircall-extension-app\"><\/div>\n<div id=\"aircall-extension-app\"><\/div>\n<div id=\"aircall-extension-app\"><\/div>\n<div id=\"aircall-extension-app\"><\/div>\n<div id=\"aircall-extension-app\"><\/div>\n<div id=\"aircall-extension-app\"><\/div>\n<div id=\"aircall-extension-app\"><\/div>\n<div id=\"aircall-extension-app\"><\/div>","protected":false},"excerpt":{"rendered":"<p><span style=\"font-weight: 400;\">Purjetamise alg\u00f5pe lastele vanuses 7-13 aastat. Oodatud on iga v\u00e4ike merel\u00f5vi, kes on huvitatud purjetamisest. Treeningu kestvus 2,5h, millest enamus veedetakse merel. Palun ole kohal 15 min enne treeningaja algust.<\/span><\/p>\n<div id=\"aircall-extension-app\"><\/div>","protected":false},"featured_media":6458,"template":"","meta":[],"product_brand":[],"product_cat":[142],"product_tag":[],"class_list":{"0":"post-5059","1":"product","2":"type-product","3":"status-publish","4":"has-post-thumbnail","6":"product_cat-algajad-lapsed","8":"first","9":"instock","10":"virtual","11":"sold-individually","12":"taxable","13":"purchasable","14":"product-type-appointment"},"exclude_global_add_ons":false,"addons":[{"name":"Proovitreening?","type":"multiple_choice","position":0,"required":true,"title_format":"label","default":"","description_enable":false,"description":"","placeholder_enable":false,"placeholder":"","display":"radiobutton","restrictions_type":"any_text","adjust_price":false,"price":"","price_type":"flat_fee","restrictions":false,"min":"0","max":"0","options":[{"label":"Ei","price":"","price_type":"flat_fee","image":0,"visibility":true},{"label":"Jah","price":"-25","price_type":"flat_fee","image":0,"visibility":true}],"id":1692366110},{"name":"Lapse ees- ja perekonnanimi","type":"custom_text","position":1,"required":true,"title_format":"label","default":"","description_enable":false,"description":"","placeholder_enable":false,"placeholder":"","display":"select","restrictions_type":"any_text","adjust_price":false,"price":"","price_type":"flat_fee","restrictions":false,"min":"0","max":"0","options":[],"id":1692366111}],"_links":{"self":[{"href":"https:\/\/eismasadam.ee\/en\/wp-json\/wp\/v2\/product\/5059","targetHints":{"allow":["GET"]}}],"collection":[{"href":"https:\/\/eismasadam.ee\/en\/wp-json\/wp\/v2\/product"}],"about":[{"href":"https:\/\/eismasadam.ee\/en\/wp-json\/wp\/v2\/types\/product"}],"wp:featuredmedia":[{"embeddable":true,"href":"https:\/\/eismasadam.ee\/en\/wp-json\/wp\/v2\/media\/6458"}],"wp:attachment":[{"href":"https:\/\/eismasadam.ee\/en\/wp-json\/wp\/v2\/media?parent=5059"}],"wp:term":[{"taxonomy":"product_brand","embeddable":true,"href":"https:\/\/eismasadam.ee\/en\/wp-json\/wp\/v2\/product_brand?post=5059"},{"taxonomy":"product_cat","embeddable":true,"href":"https:\/\/eismasadam.ee\/en\/wp-json\/wp\/v2\/product_cat?post=5059"},{"taxonomy":"product_tag","embeddable":true,"href":"https:\/\/eismasadam.ee\/en\/wp-json\/wp\/v2\/product_tag?post=5059"}],"curies":[{"name":"wp","href":"https:\/\/api.w.org\/{rel}","templated":true}]}}