{"id":5096,"date":"2022-07-21T16:41:28","date_gmt":"2022-07-21T16:41:28","guid":{"rendered":"https:\/\/eismasadam.ee\/?post_type=product&#038;p=5096"},"modified":"2025-08-07T14:37:39","modified_gmt":"2025-08-07T14:37:39","slug":"sup-aerulaua-treening","status":"publish","type":"product","link":"https:\/\/eismasadam.ee\/en\/product\/sup-aerulaua-treening\/","title":{"rendered":"SUP \/ Aerulaua treening"},"content":{"rendered":"<ul>\n<li>Tule ja \u00f5pi SUP \/ aerulauaga s\u00f5itma<\/li>\n<li>Treeningud toimuvad igal laup\u00e4eval ja p\u00fchap\u00e4eval alates 17.07.2023 kuni 20.08.2023<\/li>\n<li>\u00dcks treening kestab 1h<\/li>\n<li>Sobib k\u00f5igile s\u00f5ltumata vanusest ja f\u00fc\u00fcsilisest vormist<\/li>\n<\/ul>\n<div id=\"aircall-extension-app\"><\/div>\n<div id=\"gtx-trans\" style=\"position: absolute; left: 447px; top: 48px;\">\n<div class=\"gtx-trans-icon\"><\/div>\n<\/div>\n<div id=\"aircall-extension-app\"><\/div>\n<div id=\"aircall-extension-app\"><\/div>\n<div id=\"aircall-extension-app\"><\/div>\n<div id=\"aircall-extension-app\"><\/div>","protected":false},"excerpt":{"rendered":"<p><span style=\"font-weight: 400;\">Merele on oodatud nii algajad kui edasij\u00f5udnud. Trenn toimub grupis, max 10 inimest. Kaasa sportlikud riided (ujumisriided). Kohapeal on v\u00f5imalik riideid vahetada riietusruumis. Palun ole kohal 15min enne treeningu algust.\u00a0<\/span><\/p>\n<div id=\"aircall-extension-app\"><\/div>\n<div id=\"gtx-trans\" style=\"position: absolute; left: 169px; top: -9px;\">\n<div class=\"gtx-trans-icon\"><\/div>\n<\/div>\n<div id=\"aircall-extension-app\"><\/div>\n<div id=\"aircall-extension-app\"><\/div>\n<div id=\"aircall-extension-app\"><\/div>\n<div id=\"aircall-extension-app\"><\/div>","protected":false},"featured_media":6123,"template":"","meta":[],"product_brand":[],"product_cat":[97,144],"product_tag":[],"class_list":{"0":"post-5096","1":"product","2":"type-product","3":"status-publish","4":"has-post-thumbnail","6":"product_cat-veesport","7":"product_cat-sup","9":"first","10":"instock","11":"virtual","12":"taxable","13":"purchasable","14":"product-type-appointment"},"exclude_global_add_ons":false,"addons":[{"name":"Ees- ja perekonnanimi","type":"custom_text","position":0,"required":true,"title_format":"label","default":"","description_enable":true,"description":"Treenija nimi (kui tellid mitmele, piisab vaid \u00fchest nimest)","placeholder_enable":false,"placeholder":"","display":"select","restrictions_type":"any_text","adjust_price":false,"price":"","price_type":"flat_fee","restrictions":false,"min":"0","max":"0","options":[],"id":1692367791}],"_links":{"self":[{"href":"https:\/\/eismasadam.ee\/en\/wp-json\/wp\/v2\/product\/5096","targetHints":{"allow":["GET"]}}],"collection":[{"href":"https:\/\/eismasadam.ee\/en\/wp-json\/wp\/v2\/product"}],"about":[{"href":"https:\/\/eismasadam.ee\/en\/wp-json\/wp\/v2\/types\/product"}],"wp:featuredmedia":[{"embeddable":true,"href":"https:\/\/eismasadam.ee\/en\/wp-json\/wp\/v2\/media\/6123"}],"wp:attachment":[{"href":"https:\/\/eismasadam.ee\/en\/wp-json\/wp\/v2\/media?parent=5096"}],"wp:term":[{"taxonomy":"product_brand","embeddable":true,"href":"https:\/\/eismasadam.ee\/en\/wp-json\/wp\/v2\/product_brand?post=5096"},{"taxonomy":"product_cat","embeddable":true,"href":"https:\/\/eismasadam.ee\/en\/wp-json\/wp\/v2\/product_cat?post=5096"},{"taxonomy":"product_tag","embeddable":true,"href":"https:\/\/eismasadam.ee\/en\/wp-json\/wp\/v2\/product_tag?post=5096"}],"curies":[{"name":"wp","href":"https:\/\/api.w.org\/{rel}","templated":true}]}}