{"id":5103,"date":"2022-07-21T17:37:07","date_gmt":"2022-07-21T17:37:07","guid":{"rendered":"https:\/\/eismasadam.ee\/?post_type=product&#038;p=5103"},"modified":"2025-08-07T14:37:22","modified_gmt":"2025-08-07T14:37:22","slug":"slipi-kasutamine","status":"publish","type":"product","link":"https:\/\/eismasadam.ee\/en\/product\/slipi-kasutamine\/","title":{"rendered":"Slip's use"},"content":{"rendered":"<p><span style=\"font-weight: 400;\">Slipi kasutaja pargib oma s\u00f5iduki ja treilieri v\u00e4ljaspool sadama terriooriumi. <\/span><\/p>\n<p><span style=\"font-weight: 400;\">Slipiteenust kasutavatele v\u00e4ikelaevadele ei ole lubatud:<\/span><\/p>\n<ul>\n<li style=\"font-weight: 400;\" aria-level=\"1\"><span style=\"font-weight: 400;\">sildumine sadama kaide \u00e4\u00e4res\u00a0<\/span><\/li>\n<li style=\"font-weight: 400;\" aria-level=\"1\"><span style=\"font-weight: 400;\">j\u00e4tta v\u00e4ikelaeva slipile (slippi tohib kasutada vaid 1x sisse- ja v\u00e4ljas\u00f5iduks)\u00a0<\/span><\/li>\n<li style=\"font-weight: 400;\" aria-level=\"1\"><span style=\"font-weight: 400;\">j\u00e4tta v\u00e4ikelaeva sadama territooriumile\u00a0<\/span><\/li>\n<li style=\"font-weight: 400;\" aria-level=\"1\"><span style=\"font-weight: 400;\">vigurs\u00f5it ning igasugused pukseerimised l\u00f5bus\u00f5idu eesm\u00e4rgil sadama veealal\u00a0<\/span><\/li>\n<li style=\"font-weight: 400;\" aria-level=\"1\"><span style=\"font-weight: 400;\">paigutada pr\u00fcgi sadama pr\u00fcgikonteineritesse (kogu tekkinud pr\u00fcgi tuleb endaga\u00a0<\/span><span style=\"font-weight: 400;\">kaasa v\u00f5tta)\u00a0<\/span><\/li>\n<\/ul>\n<p>&nbsp;<\/p>\n<p><span style=\"font-weight: 400;\">Teretulemast Eisma sadamasse!<\/span><\/p>\n<div id=\"aircall-extension-app\"><\/div>\n<div id=\"aircall-extension-app\"><\/div>\n<div id=\"aircall-extension-app\"><\/div>\n<div id=\"aircall-extension-app\"><\/div>","protected":false},"excerpt":{"rendered":"<p><span style=\"font-weight: 400;\">Slipiteenuse kasutamiseks avab v\u00e4rava sadamakapten, hellista tel +372 53452487.<\/span><\/p>\n<p><span style=\"font-weight: 400;\">Slipiteenust on v\u00f5imalik tellida E-P alates 9.00 \u2013 20.00.\u00a0<\/span><\/p>\n<p><span style=\"font-weight: 400;\">Registreeri s\u00f5it sadama logiraamatus, <a href=\"https:\/\/docs.google.com\/forms\/d\/1jWu9UuNFdU3rrViB8XfeDKj4zhZaa1kFmm6csMzbkxQ\/viewform?edit_requested=true\"><strong>sellel lingil <\/strong><\/a><\/span><\/p>\n<div id=\"aircall-extension-app\"><\/div>\n<div id=\"aircall-extension-app\"><\/div>\n<div id=\"aircall-extension-app\"><\/div>\n<div id=\"aircall-extension-app\"><\/div>\n<div id=\"aircall-extension-app\"><\/div>","protected":false},"featured_media":6446,"template":"","meta":[],"product_brand":[],"product_cat":[95,145],"product_tag":[],"class_list":{"0":"post-5103","1":"product","2":"type-product","3":"status-publish","4":"has-post-thumbnail","6":"product_cat-sadamateenused","7":"product_cat-slip","9":"first","10":"instock","11":"sold-individually","12":"taxable","13":"shipping-taxable","14":"purchasable","15":"product-type-simple"},"exclude_global_add_ons":[],"addons":[],"_links":{"self":[{"href":"https:\/\/eismasadam.ee\/en\/wp-json\/wp\/v2\/product\/5103","targetHints":{"allow":["GET"]}}],"collection":[{"href":"https:\/\/eismasadam.ee\/en\/wp-json\/wp\/v2\/product"}],"about":[{"href":"https:\/\/eismasadam.ee\/en\/wp-json\/wp\/v2\/types\/product"}],"wp:featuredmedia":[{"embeddable":true,"href":"https:\/\/eismasadam.ee\/en\/wp-json\/wp\/v2\/media\/6446"}],"wp:attachment":[{"href":"https:\/\/eismasadam.ee\/en\/wp-json\/wp\/v2\/media?parent=5103"}],"wp:term":[{"taxonomy":"product_brand","embeddable":true,"href":"https:\/\/eismasadam.ee\/en\/wp-json\/wp\/v2\/product_brand?post=5103"},{"taxonomy":"product_cat","embeddable":true,"href":"https:\/\/eismasadam.ee\/en\/wp-json\/wp\/v2\/product_cat?post=5103"},{"taxonomy":"product_tag","embeddable":true,"href":"https:\/\/eismasadam.ee\/en\/wp-json\/wp\/v2\/product_tag?post=5103"}],"curies":[{"name":"wp","href":"https:\/\/api.w.org\/{rel}","templated":true}]}}