{"id":5991,"date":"2023-06-08T16:04:42","date_gmt":"2023-06-08T16:04:42","guid":{"rendered":"https:\/\/eismasadam.ee\/?post_type=product&#038;p=5991"},"modified":"2025-08-07T14:35:37","modified_gmt":"2025-08-07T14:35:37","slug":"kulalisaluse-kaikoht-24h","status":"publish","type":"product","link":"https:\/\/eismasadam.ee\/en\/product\/kulalisaluse-kaikoht-24h\/","title":{"rendered":"K\u00fclalisaluse kaikoht"},"content":{"rendered":"<ul>\n<li style=\"font-weight: 400;\" aria-level=\"1\"><span style=\"font-weight: 400;\">Kasutades sadama pesuruume, terrassi jms palun korista enda j\u00e4rgi<\/span><\/li>\n<li style=\"font-weight: 400;\" aria-level=\"1\"><span style=\"font-weight: 400;\">Suitsetamine sadama territooriumil on lubatud vaid selleks etten\u00e4htud\u00a0 ja t\u00e4histatud kohas<\/span><\/li>\n<li style=\"font-weight: 400;\" aria-level=\"1\"><span style=\"font-weight: 400;\">\u00d6\u00f6rahu sadamas algab kell 23.00 ja l\u00f5peb 8.00<\/span><\/li>\n<li style=\"font-weight: 400;\" aria-level=\"1\"><span style=\"font-weight: 400;\">Sadama jalgv\u00e4rava elektrilukk sulgub automaatselt kell 20.00 ja avaneb 8.00. V\u00e4rava avamiseks v\u00e4ljaspool seda aega vajuta v\u00e4raval olevat nuppu<\/span><\/li>\n<li style=\"font-weight: 400;\" aria-level=\"1\"><span style=\"font-weight: 400;\">T\u00e4psem info sadama kodukorra kohta on toodud <a href=\"https:\/\/eismasadam.ee\/en\/kulalissadam\/\">siin<\/a><\/span><\/li>\n<li style=\"font-weight: 400;\" aria-level=\"1\"><span style=\"font-weight: 400;\">K\u00fcsimuste korral helista sadamakaptenile +372 53452487<\/span><\/li>\n<\/ul>\n<p><span style=\"font-weight: 400;\">Teretulemast Eisma sadamasse!<\/span><\/p>\n<div id=\"aircall-extension-app\"><\/div>\n<div id=\"aircall-extension-app\"><\/div>\n<div id=\"aircall-extension-app\"><\/div>\n<div id=\"aircall-extension-app\"><\/div>\n<div id=\"aircall-extension-app\"><\/div>\n<div id=\"aircall-extension-app\"><\/div>","protected":false},"excerpt":{"rendered":"<p><span style=\"font-weight: 400;\">Hind sisaldab WC, du\u0161\u0161iruumide, kaldavoolu ja -vee; pesula, reoveepumpla ja grillterrassi kasutamist.<\/span><\/p>\n<p><span style=\"font-weight: 400;\">Vormista sadamasse saabumine\/v\u00e4ljumine sadama logiraamatus <a href=\"https:\/\/docs.google.com\/forms\/d\/1jWu9UuNFdU3rrViB8XfeDKj4zhZaa1kFmm6csMzbkxQ\/viewform?edit_requested=true\">sellel lingil<\/a>.<\/span><\/p>\n<div id=\"aircall-extension-app\"><\/div>\n<div id=\"aircall-extension-app\"><\/div>\n<div id=\"aircall-extension-app\"><\/div>\n<div id=\"aircall-extension-app\"><\/div>\n<div id=\"aircall-extension-app\"><\/div>\n<div id=\"aircall-extension-app\"><\/div>","protected":false},"featured_media":6448,"template":"","meta":[],"product_brand":[],"product_cat":[95,156],"product_tag":[],"class_list":{"0":"post-5991","1":"product","2":"type-product","3":"status-publish","4":"has-post-thumbnail","6":"product_cat-sadamateenused","7":"product_cat-kaikoht","9":"first","10":"instock","11":"sold-individually","12":"taxable","13":"shipping-taxable","14":"purchasable","15":"product-type-appointment"},"exclude_global_add_ons":false,"addons":[{"name":"Nimi","type":"custom_text","position":0,"required":true,"title_format":"label","default":"","description_enable":false,"description":"","placeholder_enable":false,"placeholder":"","display":"select","restrictions_type":"any_text","adjust_price":false,"price":"","price_type":"flat_fee","restrictions":false,"min":"0","max":"0","options":[],"id":1720186821},{"name":"Telefon","type":"custom_text","position":1,"required":true,"title_format":"label","default":"","description_enable":false,"description":"","placeholder_enable":false,"placeholder":"","display":"select","restrictions_type":"any_text","adjust_price":false,"price":"","price_type":"flat_fee","restrictions":false,"min":"0","max":"0","options":[],"id":1720186822},{"name":"E-mail","type":"custom_text","position":2,"required":true,"title_format":"label","default":"","description_enable":false,"description":"","placeholder_enable":false,"placeholder":"","display":"select","restrictions_type":"any_text","adjust_price":false,"price":"","price_type":"flat_fee","restrictions":false,"min":"0","max":"0","options":[],"id":1720186823}],"_links":{"self":[{"href":"https:\/\/eismasadam.ee\/en\/wp-json\/wp\/v2\/product\/5991","targetHints":{"allow":["GET"]}}],"collection":[{"href":"https:\/\/eismasadam.ee\/en\/wp-json\/wp\/v2\/product"}],"about":[{"href":"https:\/\/eismasadam.ee\/en\/wp-json\/wp\/v2\/types\/product"}],"wp:featuredmedia":[{"embeddable":true,"href":"https:\/\/eismasadam.ee\/en\/wp-json\/wp\/v2\/media\/6448"}],"wp:attachment":[{"href":"https:\/\/eismasadam.ee\/en\/wp-json\/wp\/v2\/media?parent=5991"}],"wp:term":[{"taxonomy":"product_brand","embeddable":true,"href":"https:\/\/eismasadam.ee\/en\/wp-json\/wp\/v2\/product_brand?post=5991"},{"taxonomy":"product_cat","embeddable":true,"href":"https:\/\/eismasadam.ee\/en\/wp-json\/wp\/v2\/product_cat?post=5991"},{"taxonomy":"product_tag","embeddable":true,"href":"https:\/\/eismasadam.ee\/en\/wp-json\/wp\/v2\/product_tag?post=5991"}],"curies":[{"name":"wp","href":"https:\/\/api.w.org\/{rel}","templated":true}]}}