{"id":5993,"date":"2023-06-08T16:33:17","date_gmt":"2023-06-08T16:33:17","guid":{"rendered":"https:\/\/eismasadam.ee\/?post_type=product&#038;p=5993"},"modified":"2025-08-07T14:35:07","modified_gmt":"2025-08-07T14:35:07","slug":"grillkomplekti-rent","status":"publish","type":"product","link":"https:\/\/eismasadam.ee\/en\/product\/grillkomplekti-rent\/","title":{"rendered":"Grillkomplekti rent"},"content":{"rendered":"<ul>\n<li>Grillkomplekti saab kasutada <span style=\"font-weight: 400;\">grillterrassil<\/span><\/li>\n<li><span style=\"font-weight: 400;\">Kasutuse j\u00e4rgselt palume terrass koristada ja grill puhastada \u2013 vahendid grillterrassi \/grilli k\u00f5rval.<\/span><\/li>\n<li><span style=\"font-weight: 400;\">J\u00e4lgi k\u00f5iki tuleohtuse eeskirju! Vajadusel leiad tulekustuti sadama h\u00e4daabipostist p\u00f5hikail ning esmaabi karbi sadama kontorist.<\/span><\/li>\n<li>Grillkomplekti saavad rentida kodusadama kliendid ja k\u00fclalisalused<\/li>\n<\/ul>\n<p>&nbsp;<\/p>\n<p><span style=\"font-weight: 400;\">Teretulemast Eisma sadamasse!<\/span><\/p>\n<div id=\"aircall-extension-app\"><\/div>\n<div id=\"aircall-extension-app\"><\/div>\n<div id=\"aircall-extension-app\"><\/div>\n<div id=\"aircall-extension-app\"><\/div>","protected":false},"excerpt":{"rendered":"<p><span style=\"font-weight: 400;\">Rendi endale grillikomplekt, et nautida ilusat grillip\u00e4eva sadamas!<\/span><\/p>\n<p>&nbsp;<\/p>\n<div id=\"aircall-extension-app\"><\/div>\n<div id=\"aircall-extension-app\"><\/div>\n<div id=\"aircall-extension-app\"><\/div>\n<div id=\"aircall-extension-app\"><\/div>","protected":false},"featured_media":6447,"template":"","meta":[],"product_brand":[],"product_cat":[95,157],"product_tag":[],"class_list":{"0":"post-5993","1":"product","2":"type-product","3":"status-publish","4":"has-post-thumbnail","6":"product_cat-sadamateenused","7":"product_cat-grill","9":"first","10":"instock","11":"sold-individually","12":"taxable","13":"shipping-taxable","14":"purchasable","15":"product-type-appointment"},"exclude_global_add_ons":false,"addons":[{"name":"Nimi","type":"custom_text","position":0,"required":true,"title_format":"label","default":"","description_enable":false,"description":"","placeholder_enable":false,"placeholder":"","display":"select","restrictions_type":"any_text","adjust_price":false,"price":"","price_type":"flat_fee","restrictions":false,"min":"0","max":"0","options":[],"id":1720259871},{"name":"Telefon","type":"custom_text","position":1,"required":true,"title_format":"label","default":"","description_enable":false,"description":"","placeholder_enable":false,"placeholder":"","display":"select","restrictions_type":"any_text","adjust_price":false,"price":"","price_type":"flat_fee","restrictions":false,"min":"0","max":"0","options":[],"id":1720259872},{"name":"E-mail","type":"custom_text","position":2,"required":true,"title_format":"label","default":"","description_enable":false,"description":"","placeholder_enable":false,"placeholder":"","display":"select","restrictions_type":"any_text","adjust_price":false,"price":"","price_type":"flat_fee","restrictions":false,"min":"0","max":"0","options":[],"id":1720259873}],"_links":{"self":[{"href":"https:\/\/eismasadam.ee\/en\/wp-json\/wp\/v2\/product\/5993","targetHints":{"allow":["GET"]}}],"collection":[{"href":"https:\/\/eismasadam.ee\/en\/wp-json\/wp\/v2\/product"}],"about":[{"href":"https:\/\/eismasadam.ee\/en\/wp-json\/wp\/v2\/types\/product"}],"wp:featuredmedia":[{"embeddable":true,"href":"https:\/\/eismasadam.ee\/en\/wp-json\/wp\/v2\/media\/6447"}],"wp:attachment":[{"href":"https:\/\/eismasadam.ee\/en\/wp-json\/wp\/v2\/media?parent=5993"}],"wp:term":[{"taxonomy":"product_brand","embeddable":true,"href":"https:\/\/eismasadam.ee\/en\/wp-json\/wp\/v2\/product_brand?post=5993"},{"taxonomy":"product_cat","embeddable":true,"href":"https:\/\/eismasadam.ee\/en\/wp-json\/wp\/v2\/product_cat?post=5993"},{"taxonomy":"product_tag","embeddable":true,"href":"https:\/\/eismasadam.ee\/en\/wp-json\/wp\/v2\/product_tag?post=5993"}],"curies":[{"name":"wp","href":"https:\/\/api.w.org\/{rel}","templated":true}]}}