{"id":5995,"date":"2023-06-08T17:24:05","date_gmt":"2023-06-08T17:24:05","guid":{"rendered":"https:\/\/eismasadam.ee\/?post_type=product&#038;p=5995"},"modified":"2025-08-07T14:34:40","modified_gmt":"2025-08-07T14:34:40","slug":"tennise-ja-korvpallivaljaku-rent-1h","status":"publish","type":"product","link":"https:\/\/eismasadam.ee\/en\/product\/tennise-ja-korvpallivaljaku-rent-1h\/","title":{"rendered":"Tennise- ja korvpalliv\u00e4ljaku rent"},"content":{"rendered":"<p><span style=\"font-weight: 400;\">BRONEERIMISTINGIMUSED:<\/span><\/p>\n<ul>\n<li style=\"font-weight: 400;\" aria-level=\"1\"><span style=\"font-weight: 400;\">Broneering j\u00f5ustub p\u00e4rast makse laekumist ja vastava kinnituse saamist meili teel.\u00a0\u00a0<\/span><\/li>\n<li style=\"font-weight: 400;\" aria-level=\"1\"><span style=\"font-weight: 400;\">Minimaalne broneerimisaeg on 1,0 h\u00a0<\/span><\/li>\n<li style=\"font-weight: 400;\" aria-level=\"1\"><span style=\"font-weight: 400;\">Broneeringut on v\u00f5imalik teha ja muuta kuni 1h enne m\u00e4nguaja algust.<\/span><\/li>\n<li style=\"font-weight: 400;\" aria-level=\"1\"><span style=\"font-weight: 400;\">Palume tulla kohale \u00f5igeaegselt ja pidada kinni kokkulepitud v\u00e4ljaku kasutamise l\u00f5ppajast.<\/span><\/li>\n<li style=\"font-weight: 400;\" aria-level=\"1\"><span style=\"font-weight: 400;\">Kasutades v\u00e4ljakut \u00fcle kokkulepitud aja, kuulub \u00fcletatud aeg tasumisele vastavalt hinnakirjale.<\/span><\/li>\n<li style=\"font-weight: 400;\" aria-level=\"1\"><span style=\"font-weight: 400;\">Vihma korral on v\u00f5imalik m\u00e4nguaega edasi l\u00fckata, saates s\u00f5numi hiljemalt 10min enne treeningaja algust tel 5131442 ja saades koodi j\u00e4rgmiseks tasuta broneeringuks.<\/span><\/li>\n<li style=\"font-weight: 400;\" aria-level=\"1\"><span style=\"font-weight: 400;\">Tartaankatte rikkumisel tuleb tasuda katte taastamise kulud.<\/span><\/li>\n<li style=\"font-weight: 400;\" aria-level=\"1\"><span style=\"font-weight: 400;\">V\u00e4ljaku kasutajad pargivad oma autod sadama v\u00e4rava taha.<\/span><\/li>\n<li style=\"font-weight: 400;\" aria-level=\"1\"><span style=\"font-weight: 400;\">Korvpallipostide liigutamiseks nii tartaanil kui murul tuleb kasutada vineertahvleid.<\/span><\/li>\n<li style=\"font-weight: 400;\" aria-level=\"1\"><span style=\"font-weight: 400;\">V\u00e4ljakule lubatakse ainult sportm\u00e4ngudeks sobivas riietuses ja jalan\u00f5udes. Matkajalan\u00f5ud, kummikud jms ei ole tartaanil lubatud.\u00a0<\/span><\/li>\n<li style=\"font-weight: 400;\" aria-level=\"1\"><span style=\"font-weight: 400;\">V\u00e4ljakul ei s\u00f6\u00f6da, suitsetata ega tarvitata alkoholi.\u00a0<\/span><\/li>\n<li style=\"font-weight: 400;\" aria-level=\"1\"><span style=\"font-weight: 400;\">V\u00e4ljakul ei s\u00f5ideta jalgrataste, t\u00f5ukerataste jms-ga.<\/span><\/li>\n<li style=\"font-weight: 400;\" aria-level=\"1\"><span style=\"font-weight: 400;\">V\u00e4ljaku pinke ei tohi liigutada.<\/span><\/li>\n<li style=\"font-weight: 400;\" aria-level=\"1\"><span style=\"font-weight: 400;\">Juhul kui v\u00e4ljakut poolitab tennisev\u00f5rk kohustuvad korvpallim\u00e4ngijad korraldama oma m\u00e4ngu selliselt, et v\u00f5rk ei saaks kahjustada.<\/span><\/li>\n<li style=\"font-weight: 400;\" aria-level=\"1\"><span style=\"font-weight: 400;\">\u00a0V\u00e4ljakul on videovalve.\u00a0<\/span><\/li>\n<\/ul>\n<p>&nbsp;<\/p>\n<p><span style=\"font-weight: 400;\">M\u00f5nusaid m\u00e4nguelamusi Eisma sadamas!<\/span><\/p>\n<div id=\"aircall-extension-app\"><\/div>\n<div id=\"aircall-extension-app\"><\/div>\n<div id=\"aircall-extension-app\"><\/div>\n<div id=\"aircall-extension-app\"><\/div>\n<div id=\"aircall-extension-app\"><\/div>\n<div id=\"aircall-extension-app\"><\/div>","protected":false},"excerpt":{"rendered":"<p>Sadamas on spordiv\u00e4ljak, millel saab m\u00e4ngida nii tennist, kui korvpalli. Korvpalli m\u00e4ngimiseks rendime pool v\u00e4ljakut (3&#215;3 m\u00e4nguks).\u00a0 Terve v\u00e4ljaku ja\/v\u00f5i pikema perioodi rendiks kirjutage meile aadresslil <a href=\"mailto:info@eismasadam.ee\" target=\"_blank\" rel=\"noopener\">info@eismasadam.ee .<\/a><\/p>\n<p>Kui soovid p\u00e4rast treeningut du\u0161i all k\u00e4ia, siis broneeri du\u0161iruum <a href=\"https:\/\/eismasadam.ee\/en\/product\/dusiruumi-kasutamine\/\">here<\/a><\/p>\n<div id=\"aircall-extension-app\"><\/div>\n<div id=\"aircall-extension-app\"><\/div>\n<div id=\"aircall-extension-app\"><\/div>\n<div id=\"aircall-extension-app\"><\/div>\n<div id=\"aircall-extension-app\"><\/div>\n<div id=\"aircall-extension-app\"><\/div>","protected":false},"featured_media":6459,"template":"","meta":[],"product_brand":[],"product_cat":[68,86],"product_tag":[],"class_list":{"0":"post-5995","1":"product","2":"type-product","3":"status-publish","4":"has-post-thumbnail","6":"product_cat-valjakud","7":"product_cat-spordivaljak","9":"first","10":"instock","11":"virtual","12":"taxable","13":"purchasable","14":"product-type-appointment"},"exclude_global_add_ons":false,"addons":[{"name":"Vali pakett","type":"multiple_choice","position":0,"required":true,"title_format":"label","default":"","description_enable":false,"description":"","placeholder_enable":false,"placeholder":"","display":"radiobutton","restrictions_type":"any_text","adjust_price":false,"price":"","price_type":"flat_fee","restrictions":false,"min":"0","max":"0","options":[{"label":"1\/2 korvpalliv\u00e4ljak - 1h (5\u20ac)","price":"","price_type":"flat_fee","image":0,"visibility":true},{"label":"1\/2 korvpalliv\u00e4ljak - 3h","price":"10","price_type":"flat_fee","image":0,"visibility":true},{"label":"tennisev\u00e4ljak - 1h","price":"5","price_type":"flat_fee","image":0,"visibility":true},{"label":"tennisev\u00e4ljak - 3h","price":"35","price_type":"flat_fee","image":0,"visibility":true},{"label":"tennisev\u00e4ljak - 10h","price":"95","price_type":"flat_fee","image":0,"visibility":true}],"id":1688018145}],"_links":{"self":[{"href":"https:\/\/eismasadam.ee\/en\/wp-json\/wp\/v2\/product\/5995","targetHints":{"allow":["GET"]}}],"collection":[{"href":"https:\/\/eismasadam.ee\/en\/wp-json\/wp\/v2\/product"}],"about":[{"href":"https:\/\/eismasadam.ee\/en\/wp-json\/wp\/v2\/types\/product"}],"wp:featuredmedia":[{"embeddable":true,"href":"https:\/\/eismasadam.ee\/en\/wp-json\/wp\/v2\/media\/6459"}],"wp:attachment":[{"href":"https:\/\/eismasadam.ee\/en\/wp-json\/wp\/v2\/media?parent=5995"}],"wp:term":[{"taxonomy":"product_brand","embeddable":true,"href":"https:\/\/eismasadam.ee\/en\/wp-json\/wp\/v2\/product_brand?post=5995"},{"taxonomy":"product_cat","embeddable":true,"href":"https:\/\/eismasadam.ee\/en\/wp-json\/wp\/v2\/product_cat?post=5995"},{"taxonomy":"product_tag","embeddable":true,"href":"https:\/\/eismasadam.ee\/en\/wp-json\/wp\/v2\/product_tag?post=5995"}],"curies":[{"name":"wp","href":"https:\/\/api.w.org\/{rel}","templated":true}]}}