{"id":6014,"date":"2023-06-08T19:21:35","date_gmt":"2023-06-08T19:21:35","guid":{"rendered":"https:\/\/eismasadam.ee\/?post_type=product&#038;p=6014"},"modified":"2025-08-07T14:33:46","modified_gmt":"2025-08-07T14:33:46","slug":"dusiruumi-kasutamine","status":"publish","type":"product","link":"https:\/\/eismasadam.ee\/en\/product\/dusiruumi-kasutamine\/","title":{"rendered":"Du\u0161iruumi kasutamine spordiv\u00e4ljaku kliendile"},"content":{"rendered":"<ul>\n<li style=\"font-weight: 400;\" aria-level=\"1\"><span style=\"font-weight: 400;\">Teenus avatud sadama spordiv\u00e4ljaku kasutajatele<\/span><\/li>\n<li aria-level=\"1\">Pilet kehtib \u00fchele inimesele<\/li>\n<li style=\"font-weight: 400;\" aria-level=\"1\"><span style=\"font-weight: 400;\">Du\u0161iruumi on avatud 8.00-20.00<\/span><\/li>\n<li style=\"font-weight: 400;\" aria-level=\"1\"><span style=\"font-weight: 400;\">P\u00e4rast du\u0161iruumi kasutamist korista ruum, vajalikud vahendid on du\u0161iruumi <\/span><\/li>\n<li style=\"font-weight: 400;\" aria-level=\"1\"><span style=\"font-weight: 400;\">Lahkudes kustuta tuli<\/span><\/li>\n<\/ul>\n<p>&nbsp;<\/p>\n<p><span style=\"font-weight: 400;\">Teretulemast Eisma sadamasse!<\/span><\/p>","protected":false},"excerpt":{"rendered":"<p>Tule kasuta meie du\u0161iruume!<\/p>","protected":false},"featured_media":6450,"template":"","meta":[],"product_brand":[],"product_cat":[95,96],"product_tag":[],"class_list":{"0":"post-6014","1":"product","2":"type-product","3":"status-publish","4":"has-post-thumbnail","6":"product_cat-sadamateenused","7":"product_cat-dusiruum","9":"first","10":"instock","11":"taxable","12":"shipping-taxable","13":"purchasable","14":"product-type-simple"},"exclude_global_add_ons":[],"addons":[],"_links":{"self":[{"href":"https:\/\/eismasadam.ee\/en\/wp-json\/wp\/v2\/product\/6014","targetHints":{"allow":["GET"]}}],"collection":[{"href":"https:\/\/eismasadam.ee\/en\/wp-json\/wp\/v2\/product"}],"about":[{"href":"https:\/\/eismasadam.ee\/en\/wp-json\/wp\/v2\/types\/product"}],"wp:featuredmedia":[{"embeddable":true,"href":"https:\/\/eismasadam.ee\/en\/wp-json\/wp\/v2\/media\/6450"}],"wp:attachment":[{"href":"https:\/\/eismasadam.ee\/en\/wp-json\/wp\/v2\/media?parent=6014"}],"wp:term":[{"taxonomy":"product_brand","embeddable":true,"href":"https:\/\/eismasadam.ee\/en\/wp-json\/wp\/v2\/product_brand?post=6014"},{"taxonomy":"product_cat","embeddable":true,"href":"https:\/\/eismasadam.ee\/en\/wp-json\/wp\/v2\/product_cat?post=6014"},{"taxonomy":"product_tag","embeddable":true,"href":"https:\/\/eismasadam.ee\/en\/wp-json\/wp\/v2\/product_tag?post=6014"}],"curies":[{"name":"wp","href":"https:\/\/api.w.org\/{rel}","templated":true}]}}