{"id":6033,"date":"2023-06-09T17:56:44","date_gmt":"2023-06-09T17:56:44","guid":{"rendered":"https:\/\/eismasadam.ee\/?post_type=product&#038;p=6033"},"modified":"2025-08-07T14:33:22","modified_gmt":"2025-08-07T14:33:22","slug":"koogi-ja-noude-varustuse-rent","status":"publish","type":"product","link":"https:\/\/eismasadam.ee\/en\/product\/koogi-ja-noude-varustuse-rent\/","title":{"rendered":"K\u00f6\u00f6gi ja n\u00f5ude\/varustuse rent"},"content":{"rendered":"<ul>\n<li style=\"font-weight: 400;\" aria-level=\"1\"><span style=\"font-weight: 400;\">Teenus avatud vaid k\u00fclalisaluste ning kodusadama klientidele<\/span><\/li>\n<li style=\"font-weight: 400;\" aria-level=\"1\"><span style=\"font-weight: 400;\">Kasutuse j\u00e4rgselt palume k\u00f6\u00f6k koristada ja k\u00f5ik n\u00f5ud pesta \u2013 vahendid k\u00f6\u00f6gis<\/span><\/li>\n<li style=\"font-weight: 400;\" aria-level=\"1\"><span style=\"font-weight: 400;\">L\u00f5hutud varustuse ja n\u00f5ude maksumus tuleb kompenseerida<\/span><\/li>\n<li style=\"font-weight: 400;\" aria-level=\"1\"><span style=\"font-weight: 400;\">Suitsetamine sadama territooriumil on lubatud vaid selleks etten\u00e4htud ja vastavalt t\u00e4histatud kohas<\/span><\/li>\n<li style=\"font-weight: 400;\" aria-level=\"1\"><span style=\"font-weight: 400;\">\u00d6\u00f6rahu sadamas algab kell 23.00 ja l\u00f5peb 8.00<\/span><\/li>\n<\/ul>\n<div id=\"aircall-extension-app\"><\/div>\n<div id=\"gtx-trans\" style=\"position: absolute; left: 273px; top: 72px;\">\n<div class=\"gtx-trans-icon\"><\/div>\n<\/div>\n<div id=\"aircall-extension-app\"><\/div>\n<div id=\"aircall-extension-app\"><\/div>\n<div id=\"aircall-extension-app\"><\/div>","protected":false},"excerpt":{"rendered":"<p>Broneeri Eisma sadama k\u00f6\u00f6k varustusega kolmeks tunniks!<\/p>\n<div id=\"aircall-extension-app\"><\/div>\n<div id=\"aircall-extension-app\"><\/div>\n<div id=\"aircall-extension-app\"><\/div>\n<div id=\"aircall-extension-app\"><\/div>","protected":false},"featured_media":6451,"template":"","meta":[],"product_brand":[],"product_cat":[95,158],"product_tag":[],"class_list":{"0":"post-6033","1":"product","2":"type-product","3":"status-publish","4":"has-post-thumbnail","6":"product_cat-sadamateenused","7":"product_cat-kook","9":"first","10":"instock","11":"virtual","12":"taxable","13":"purchasable","14":"product-type-appointment"},"exclude_global_add_ons":false,"addons":[{"name":"Nimi","type":"custom_text","position":0,"required":true,"title_format":"label","default":"","description_enable":false,"description":"","placeholder_enable":false,"placeholder":"","display":"select","restrictions_type":"any_text","adjust_price":false,"price":"","price_type":"flat_fee","restrictions":false,"min":"0","max":"0","options":[],"id":1754577203},{"name":"Telefon","type":"custom_text","position":1,"required":true,"title_format":"label","default":"","description_enable":false,"description":"","placeholder_enable":false,"placeholder":"","display":"select","restrictions_type":"any_text","adjust_price":false,"price":"","price_type":"flat_fee","restrictions":false,"min":"0","max":"0","options":[],"id":1754577204},{"name":"E-mail","type":"custom_text","position":2,"required":true,"title_format":"label","default":"","description_enable":false,"description":"","placeholder_enable":false,"placeholder":"","display":"select","restrictions_type":"any_text","adjust_price":false,"price":"","price_type":"flat_fee","restrictions":false,"min":"0","max":"0","options":[],"id":1754577205}],"_links":{"self":[{"href":"https:\/\/eismasadam.ee\/en\/wp-json\/wp\/v2\/product\/6033","targetHints":{"allow":["GET"]}}],"collection":[{"href":"https:\/\/eismasadam.ee\/en\/wp-json\/wp\/v2\/product"}],"about":[{"href":"https:\/\/eismasadam.ee\/en\/wp-json\/wp\/v2\/types\/product"}],"wp:featuredmedia":[{"embeddable":true,"href":"https:\/\/eismasadam.ee\/en\/wp-json\/wp\/v2\/media\/6451"}],"wp:attachment":[{"href":"https:\/\/eismasadam.ee\/en\/wp-json\/wp\/v2\/media?parent=6033"}],"wp:term":[{"taxonomy":"product_brand","embeddable":true,"href":"https:\/\/eismasadam.ee\/en\/wp-json\/wp\/v2\/product_brand?post=6033"},{"taxonomy":"product_cat","embeddable":true,"href":"https:\/\/eismasadam.ee\/en\/wp-json\/wp\/v2\/product_cat?post=6033"},{"taxonomy":"product_tag","embeddable":true,"href":"https:\/\/eismasadam.ee\/en\/wp-json\/wp\/v2\/product_tag?post=6033"}],"curies":[{"name":"wp","href":"https:\/\/api.w.org\/{rel}","templated":true}]}}