{"id":6111,"date":"2023-06-13T08:04:20","date_gmt":"2023-06-13T08:04:20","guid":{"rendered":"https:\/\/eismasadam.ee\/?post_type=product&#038;p=6111"},"modified":"2025-08-07T14:41:06","modified_gmt":"2025-08-07T14:41:06","slug":"purjetamise-kursus-edasijoudnud-ja-vanematele-lastele","status":"publish","type":"product","link":"https:\/\/eismasadam.ee\/en\/product\/purjetamise-kursus-edasijoudnud-ja-vanematele-lastele\/","title":{"rendered":"Purjetamise kursus lastele vanuses 7-18a"},"content":{"rendered":"<p>Lapsele kaasa panna:<\/p>\n<ul>\n<li aria-level=\"1\">Ilmale vastavad vahetusriided<\/li>\n<li aria-level=\"1\">Kalipso, juhul kui on olemas<\/li>\n<li aria-level=\"1\">Puhtad jalatsid (ei m\u00e4\u00e4ri paate)<\/li>\n<li aria-level=\"1\">Peakate \u2013 tuulise ja k\u00fclmema ilmaga m\u00fcts ja soojema ilmaga nokam\u00fcts<\/li>\n<li aria-level=\"1\">Joogipudel<\/li>\n<li aria-level=\"1\">P\u00e4iksekreem (juhul kui ilm p\u00e4ikseline)<\/li>\n<li aria-level=\"1\">Ujumisriided, soojema ilmaga<\/li>\n<li aria-level=\"1\">Saunalina<\/li>\n<\/ul>\n<p>&nbsp;<\/p>\n<p>K\u00f5ik k\u00fcsimused on teretulnud info@eismasadam.ee v\u00f5i treener Martin Sepp telefonil +372 53406806<\/p>\n<p>Lapsevanemad, kes soovivad sadamasse lapsi ootama j\u00e4\u00e4da, on teretulnud!<\/p>\n<div id=\"aircall-extension-app\"><\/div>","protected":false},"excerpt":{"rendered":"<div class=\"elementor-element elementor-element-34f1784 elementor-widget elementor-widget-woocommerce-product-short-description\" data-id=\"34f1784\" data-element_type=\"widget\" data-widget_type=\"woocommerce-product-short-description.default\">\n<div class=\"elementor-widget-container\">\n<div class=\"woocommerce-product-details__short-description\">\n<p>Purjetamise kursus lastele vanuses 7-18 aastat. Oodatud on k\u00f5ik noored, kes soovivad omandada uusi oskusi ning veeta sportlikult aega merel. Treeningu kestvus 2,5h, millest enamus veedetakse merel. Palun ole kohal 15 min enne treeningaja algust.<\/p>\n<\/div>\n<\/div>\n<\/div>\n<div id=\"aircall-extension-app\"><\/div>","protected":false},"featured_media":6453,"template":"","meta":[],"product_brand":[],"product_cat":[97,143],"product_tag":[],"class_list":{"0":"post-6111","1":"product","2":"type-product","3":"status-publish","4":"has-post-thumbnail","6":"product_cat-veesport","7":"product_cat-edasijoudnud-lapsed","9":"first","10":"instock","11":"sold-individually","12":"taxable","13":"shipping-taxable","14":"purchasable","15":"product-type-simple"},"exclude_global_add_ons":false,"addons":[{"name":"Nimi","type":"custom_text","position":0,"required":true,"title_format":"label","default":"","description_enable":true,"description":"Treenija ees- ja perekonnanimi","placeholder_enable":false,"placeholder":"","display":"select","restrictions_type":"any_text","adjust_price":false,"price":"","price_type":"flat_fee","restrictions":false,"min":"0","max":"0","options":[],"id":1720187693},{"name":"E-mail","type":"custom_text","position":1,"required":true,"title_format":"label","default":"","description_enable":true,"description":"E-mail, kuhu saadame Teie koodi","placeholder_enable":false,"placeholder":"","display":"select","restrictions_type":"any_text","adjust_price":false,"price":"","price_type":"flat_fee","restrictions":false,"min":"0","max":"0","options":[],"id":1720187694}],"_links":{"self":[{"href":"https:\/\/eismasadam.ee\/en\/wp-json\/wp\/v2\/product\/6111","targetHints":{"allow":["GET"]}}],"collection":[{"href":"https:\/\/eismasadam.ee\/en\/wp-json\/wp\/v2\/product"}],"about":[{"href":"https:\/\/eismasadam.ee\/en\/wp-json\/wp\/v2\/types\/product"}],"wp:featuredmedia":[{"embeddable":true,"href":"https:\/\/eismasadam.ee\/en\/wp-json\/wp\/v2\/media\/6453"}],"wp:attachment":[{"href":"https:\/\/eismasadam.ee\/en\/wp-json\/wp\/v2\/media?parent=6111"}],"wp:term":[{"taxonomy":"product_brand","embeddable":true,"href":"https:\/\/eismasadam.ee\/en\/wp-json\/wp\/v2\/product_brand?post=6111"},{"taxonomy":"product_cat","embeddable":true,"href":"https:\/\/eismasadam.ee\/en\/wp-json\/wp\/v2\/product_cat?post=6111"},{"taxonomy":"product_tag","embeddable":true,"href":"https:\/\/eismasadam.ee\/en\/wp-json\/wp\/v2\/product_tag?post=6111"}],"curies":[{"name":"wp","href":"https:\/\/api.w.org\/{rel}","templated":true}]}}